{"id":3149,"date":"2021-09-09T13:40:04","date_gmt":"2021-09-09T13:40:04","guid":{"rendered":"https:\/\/microgeo.com.br\/site\/?page_id=3149"},"modified":"2023-09-22T19:09:59","modified_gmt":"2023-09-22T19:09:59","slug":"politica-de-privacidade","status":"publish","type":"page","link":"https:\/\/microgeo.com.br\/site\/politica-de-privacidade\/","title":{"rendered":"Pol\u00edtica de Privacidade"},"content":{"rendered":"\t\t<div data-elementor-type=\"wp-page\" data-elementor-id=\"3149\" class=\"elementor elementor-3149\">\n\t\t\t\t\t\t<section class=\"elementor-section elementor-top-section elementor-element elementor-element-27474e8 elementor-section-stretched elementor-section-boxed elementor-section-height-default elementor-section-height-default\" data-id=\"27474e8\" data-element_type=\"section\" data-settings=\"{&quot;stretch_section&quot;:&quot;section-stretched&quot;,&quot;background_background&quot;:&quot;classic&quot;}\">\n\t\t\t\t\t\t<div class=\"elementor-container elementor-column-gap-default\">\n\t\t\t\t\t<div class=\"elementor-column elementor-col-100 elementor-top-column elementor-element elementor-element-aef6fbf\" data-id=\"aef6fbf\" data-element_type=\"column\">\n\t\t\t<div class=\"elementor-widget-wrap elementor-element-populated\">\n\t\t\t\t\t\t<div class=\"elementor-element elementor-element-adb16e4 elementor-widget elementor-widget-heading\" data-id=\"adb16e4\" data-element_type=\"widget\" data-widget_type=\"heading.default\">\n\t\t\t\t<div class=\"elementor-widget-container\">\n\t\t\t\t\t<h2 class=\"elementor-heading-title elementor-size-default\">POL\u00cdTICA DE PRIVACIDADE<\/h2>\t\t\t\t<\/div>\n\t\t\t\t<\/div>\n\t\t\t\t\t<\/div>\n\t\t<\/div>\n\t\t\t\t\t<\/div>\n\t\t<\/section>\n\t\t\t\t<section class=\"elementor-section elementor-top-section elementor-element elementor-element-bafccf7 elementor-section-boxed elementor-section-height-default elementor-section-height-default\" data-id=\"bafccf7\" data-element_type=\"section\">\n\t\t\t\t\t\t<div class=\"elementor-container elementor-column-gap-default\">\n\t\t\t\t\t<div class=\"elementor-column elementor-col-100 elementor-top-column elementor-element elementor-element-2f60541\" data-id=\"2f60541\" data-element_type=\"column\">\n\t\t\t<div class=\"elementor-widget-wrap elementor-element-populated\">\n\t\t\t\t\t\t<div class=\"elementor-element elementor-element-ce7bf4f elementor-widget elementor-widget-text-editor\" data-id=\"ce7bf4f\" data-element_type=\"widget\" data-widget_type=\"text-editor.default\">\n\t\t\t\t<div class=\"elementor-widget-container\">\n\t\t\t\t\t\t\t\t\t<p>A Microgeo Biotecnologia Agr\u00edcola (Microbiol Ind\u00fastria e Com\u00e9rcio S.A.), doravante denominada apenas como \u201c<strong>MICROGEO<\/strong>\u201d, entende a import\u00e2ncia da privacidade e prote\u00e7\u00e3o de dados pessoais e registros eletr\u00f4nicos e tem como compromisso o cumprimento com a legisla\u00e7\u00e3o aplic\u00e1vel.<\/p><p>A fim de descrever de forma transparente, simples e objetiva o nosso compromisso com a privacidade e prote\u00e7\u00e3o dos seus dados quando voc\u00ea usa os nossos Portais, institu\u00edmos a presente Pol\u00edtica de Privacidade.<\/p><p>Salvo se indicado de forma diversa adiante nesta Pol\u00edtica, a base jur\u00eddica para o tratamento de seus dados pessoais resulta da disponibiliza\u00e7\u00e3o das funcionalidades dos nossos Portais acessados por voc\u00ea.<\/p><p>Como condi\u00e7\u00e3o para acesso e uso dos nossos Portais, voc\u00ea declara que leu e compreendeu a presente Pol\u00edtica na \u00edntegra, demonstrando seu <strong>CONSENTIMENTO<\/strong> referente \u00e0 coleta de dados aqui especificada, de forma livre, expressa, individual, clara, espec\u00edfica e leg\u00edtima. Caso voc\u00ea n\u00e3o esteja de acordo com esta Pol\u00edtica, mesmo que em parte, dever\u00e1 descontinuar o seu acesso.<\/p><p>Adicionalmente, os usu\u00e1rios menores de 18 (dezoito) anos somente dever\u00e3o acessar os nossos Portais com supervis\u00e3o dos pais e\/ou respons\u00e1veis e n\u00e3o dever\u00e3o fornecer Dados Pessoais.<\/p><p>\u00a0<\/p><ol><li><strong>DEFINI\u00c7\u00d5ES:<\/strong><\/li><\/ol><p><u>Consentimento<\/u>: autoriza\u00e7\u00e3o expressa e inequ\u00edvoca dada pelo Usu\u00e1rio titular do dado pessoal para que a <strong>MICROGEO<\/strong> trate seus dados pessoais para uma finalidade previamente descrita, na qual a base legal necess\u00e1ria para o ato demande a autoriza\u00e7\u00e3o expressa do titular.<\/p><p><u>Dados Pessoais<\/u>: significa quaisquer informa\u00e7\u00f5es fornecidas e\/ou coletadas pela <strong>MICROGEO<\/strong>, por qualquer meio, ainda que p\u00fablico, que: <strong>(a)<\/strong> identifiquem, ou que, quando usadas em combina\u00e7\u00e3o com outras informa\u00e7\u00f5es tratadas pela <strong>MICROGEO<\/strong> identificam um indiv\u00edduo; ou <strong>(b)<\/strong> por meio das quais a identifica\u00e7\u00e3o ou informa\u00e7\u00f5es de contato de uma pessoa f\u00edsica possam ser derivadas. Os Dados Pessoais podem estar em qualquer m\u00eddia ou formato, inclusive registros eletr\u00f4nicos ou computadorizados, bem como em arquivos baseados em papel.<\/p><p><u>Finalidade<\/u>: o objetivo, o prop\u00f3sito que a <strong>MICROGEO<\/strong> deseja alcan\u00e7ar a partir de cada ato de tratamento das informa\u00e7\u00f5es pessoais.<\/p><p><u>Necessidade<\/u>: justificativa pelo qual \u00e9 estritamente necess\u00e1rio coletar dados pessoais, para atingir a finalidade, evitando-se a coleta excessiva.<\/p><p><u>Portais<\/u>: os portais eletr\u00f4nicos da <strong>MICROGEO <\/strong>a seguir mencionados: <strong>Website Microgeo<\/strong>, <strong>Clube Microgeo, Desafio Microbioma Brasil, Canal da Transpar\u00eancia e \u00c9tica e Trabalhe Conosco<\/strong>.<\/p><p>\u00a0<\/p><p><u>Usu\u00e1rio(s)<\/u>: todas as pessoas que utilizar\u00e3o ou visitar\u00e3o os Portais da <strong>MICROGEO<\/strong>.<\/p><p>\u00a0<\/p><ol start=\"2\"><li><strong>COLETA:<\/strong><\/li><\/ol><p>A <strong>MICROGEO <\/strong>poder\u00e1 coletar as informa\u00e7\u00f5es fornecidas ativamente e voluntariamente por voc\u00ea quando do acesso, uso dos Portais e, ainda, informa\u00e7\u00f5es coletadas automaticamente quando da utiliza\u00e7\u00e3o ou integra\u00e7\u00e3o com os Portais da <strong>MICROGEO<\/strong>.<\/p><p>Como informa\u00e7\u00f5es fornecidas ativamente e voluntariamente quando do acesso e uso dos Portais da <strong>MICROGEO <\/strong>temos o campo do Website \u2018Fale com a <strong>MICROGEO<\/strong>\u2019, inscri\u00e7\u00e3o para informativos (<em>newsletter<\/em>), por meio do campo \u2018Receba novidades\u2019, <em>chat<\/em>, <em>login<\/em> e cadastro do Clube Microgeo, informa\u00e7\u00f5es fornecidas para o Trabalhe Conosco, dentre outras modalidades dispon\u00edveis.<\/p><p>Adicionalmente, quando voc\u00ea acessa nossos Portais, tamb\u00e9m recebemos automaticamente o protocolo de internet do seu computador, o endere\u00e7o de IP, para obter informa\u00e7\u00f5es que nos ajudem a aprender sobre seu navegador e sistema operacional. O E-mail Marketing ser\u00e1 realizado apenas se voc\u00ea permitir. Nesses e-mails, voc\u00ea receber\u00e1 not\u00edcias sobre a nossa marca, nossos produtos e outras atualiza\u00e7\u00f5es.<\/p><p>Utilizamos cookies e outras tecnologias para, entre outras coisas, melhor atend\u00ea-lo, com informa\u00e7\u00f5es mais personalizadas que facilitem seu acesso cont\u00ednuo e uso do site.<\/p><p>Cookies s\u00e3o pequenos arquivos de texto usados para armazenar pequenas informa\u00e7\u00f5es. Os cookies s\u00e3o armazenados no seu dispositivo quando o site \u00e9 carregado no seu navegador. Esses cookies nos ajudam a fazer com que o site funcione corretamente, a torn\u00e1-lo mais seguro, a proporcionar uma melhor experi\u00eancia para voc\u00ea e a entender como o site funciona e a analisar o que funciona e onde precisa ser aprimorado.<\/p><p>\u00c9 poss\u00edvel desabilitar a coleta autom\u00e1tica de informa\u00e7\u00f5es atrav\u00e9s de cookies por meio das configura\u00e7\u00f5es de seu navegador de internet, bem como em nosso pr\u00f3prio website, especificamente quanto aos cookies. No entanto, voc\u00ea deve estar ciente de que, se desabilitadas estas tecnologias, alguns recursos oferecidos pelo site, que dependem do tratamento dos referidos dados, poder\u00e3o n\u00e3o funcionar corretamente.<\/p><p>Salientamos que a responsabilidade pela precis\u00e3o, veracidade, ou falta dela ou, ainda, pela sua desatualiza\u00e7\u00e3o nos dados que voc\u00ea fornece \u00e9 exclusivamente sua.<\/p><p><strong>\u00a0<\/strong><\/p><ol start=\"3\"><li><strong>FINALIDADES<\/strong><\/li><\/ol><p>A <strong>MICROGEO<\/strong> utilizar\u00e1 as informa\u00e7\u00f5es coletadas para as seguintes finalidades:<\/p><p>&#8211; Entrar em contato via e-mail ou outro meio de contato indicado para responder aos seus questionamentos feitos atrav\u00e9s do formul\u00e1rio \u2018<em>Fale Conosco<\/em>\u2019 dispon\u00edvel em <a href=\"https:\/\/microgeo.com.br\/site\/fale-conosco\/\">https:\/\/microgeo.com.br\/site\/fale-conosco\/<\/a>;<\/p><p>&#8211; Identificar voc\u00ea;<\/p><p>&#8211; Promover a divulga\u00e7\u00e3o de material publicit\u00e1rio, eventos, descontos, promo\u00e7\u00f5es e programas de fidelidade;<\/p><p>&#8211; Informar sobre novidades, not\u00edcias, conte\u00fados, funcionalidades e demais eventos relevantes para a manuten\u00e7\u00e3o do relacionamento com voc\u00ea;<\/p><p>&#8211; Realizar pesquisa de satisfa\u00e7\u00e3o;<\/p><p>&#8211; Fins estat\u00edsticos e de seguran\u00e7a;<\/p><p>&#8211; Processos de sele\u00e7\u00e3o de trabalho (somente quando voc\u00ea se cadastra no portal Trabalhe Conosco, o qual possui termos pr\u00f3prios de forma adicional ao disposto nesta Pol\u00edtica);<\/p><p>&#8211; Melhorar a experi\u00eancia da sua navega\u00e7\u00e3o nos Portais, de acordo com seus h\u00e1bitos e suas prefer\u00eancias;<\/p><p>&#8211; Cumprir obriga\u00e7\u00f5es legais e regulat\u00f3rias; dentre outras finalidades poss\u00edveis e permitidas.<\/p><p><strong>\u00a0<\/strong><\/p><ol start=\"4\"><li><strong>COMPARTILHAMENTO\/ DIVULGA\u00c7\u00c3O<\/strong><\/li><\/ol><p><strong>\u00a0<\/strong><\/p><p>A <strong>MICROGEO<\/strong> poder\u00e1 compartilhar e\/ou divulgar os dados coletados a terceiros, nas seguintes situa\u00e7\u00f5es e nos limites exigidos e autorizados pela Lei:<\/p><p>&#8211; Com os seus parceiros quando necess\u00e1rio e\/ou apropriado \u00e0 presta\u00e7\u00e3o de servi\u00e7os relacionados;<\/p><p>&#8211; Com as empresas e indiv\u00edduos contratados para a execu\u00e7\u00e3o de determinadas atividades e servi\u00e7os em nome da <strong>MICROGEO<\/strong>;<\/p><p>&#8211; Para o exerc\u00edcio de direitos e interesses leg\u00edtimos;<\/p><p>&#8211; Para o fiel cumprimento de obriga\u00e7\u00f5es legais;<\/p><p>&#8211; Para a defesa de interesses em processos administrativos ou judiciais.<\/p><p>Internamente, os seus dados somente ser\u00e3o acessados por empregados devidamente autorizados, respeitando os princ\u00edpios de proporcionalidade e necessidade, al\u00e9m do compromisso de confidencialidade e preserva\u00e7\u00e3o da sua privacidade.<\/p><p><strong>\u00a0<\/strong><\/p><ol start=\"5\"><li><strong>ARMAZENAMENTO <\/strong><\/li><\/ol><p>Os dados e registros coletados estar\u00e3o armazenados em ambiente seguro e controlado no territ\u00f3rio brasileiro, em base de dado pr\u00f3pria ou em base de dados mantidas \u201cna nuvem\u201d pelos fornecedores de servi\u00e7os contratados pela <strong>MICROGEO<\/strong>, os quais est\u00e3o devidamente de acordo com a legisla\u00e7\u00e3o de dados vigente.<\/p><p>O armazenamento dos registros eletr\u00f4nicos ser\u00e1 realizado pelo prazo estritamente necess\u00e1rio para process\u00e1-los, em vista do interesse leg\u00edtimo relacionado, e de acordo com os per\u00edodos de armazenamento oficiais.<\/p><p>\u00a0<\/p><ol start=\"6\"><li><strong>ATUALIZA\u00c7\u00c3O, CORRE\u00c7\u00c3O, EXCLUS\u00c3O E RETEN\u00c7\u00c3O<\/strong><\/li><\/ol><p>Voc\u00ea poder\u00e1 exercer seus direitos previstos no Cap\u00edtulo III da Lei Geral de Prote\u00e7\u00e3o de Dados \u201cLGPD\u201d, Lei n\u00ba 13.709\/2018, a qualquer momento, podendo, por exemplo, corrigir, atualizar, adicionar, revogar o seu consentimento, bem como solicitar a exclus\u00e3o dos seus dados coletados pela <strong>MICROGEO<\/strong>, por meio do formul\u00e1rio \u2018<em>Fale Conosco<\/em>\u2019 em <a href=\"https:\/\/microgeo.com.br\/site\/fale-conosco\/\">https:\/\/microgeo.com.br\/site\/fale-conosco\/<\/a>. Nos esfor\u00e7aremos para respond\u00ea-lo com a maior brevidade poss\u00edvel.<\/p><p>Findo o prazo do processamento conforme a necessidade, os dados ser\u00e3o exclu\u00eddos com uso de m\u00e9todos de descarte seguro ou utilizados de forma anonimizada para fins estat\u00edsticos. No entanto, pode ocorrer de os dados precisarem ser mantidos por per\u00edodo superior, por motivo de lei, ordem judicial, preven\u00e7\u00e3o \u00e0 fraude, e outros interesses leg\u00edtimos, em conformidade com o artigo 10 da LGPD.<\/p><p>Adicionalmente, caso voc\u00ea deseje cessar o recebimento de e-mails informativos e de marketing (<em>newsletter<\/em>) da <strong>MICROGEO<\/strong>, voc\u00ea poder\u00e1, a qualquer momento, sem necessidade de justificativa, por meio do e-mail: <a href=\"mailto:dpo@microgeo.com.br\">dpo@microgeo.com.br<\/a>, solicitar o imediato cancelamento do recebimento destes, conforme instru\u00e7\u00f5es dispostas no pr\u00f3prio corpo de e-mail.<\/p><p><strong>\u00a0<\/strong><\/p><ol start=\"7\"><li><strong>SEGURAN\u00c7A<\/strong><\/li><\/ol><p>Para manter a integridade dos seus dados, obedecemos a normas de seguran\u00e7a e envidamos os nossos melhores esfor\u00e7os para assegurar a confiabilidade, a disponibilidade e a qualidade das informa\u00e7\u00f5es veiculadas por meio dos nossos Portais.<\/p><p>Apesar do esfor\u00e7o na preserva\u00e7\u00e3o da privacidade dos seus dados, a <strong>MICROGEO <\/strong>entende que nenhum site \u00e9 totalmente seguro e n\u00e3o pode garantir integralmente que todas as informa\u00e7\u00f5es que trafegam nos Portais n\u00e3o sejam alvo de acessos n\u00e3o autorizados perpetrados por meio de m\u00e9todos desenvolvidos para obter informa\u00e7\u00f5es de forma indevida, falhas, v\u00edrus ou invas\u00f5es ao banco de dados.<\/p><p>Se voc\u00ea tem motivos para acreditar que sua intera\u00e7\u00e3o conosco n\u00e3o \u00e9 mais segura (por exemplo, se achar que a seguran\u00e7a de algum dado seu foi comprometido), comunique o fato imediatamente, contatando-nos por meio do e-mail <a href=\"mailto:dpo@microgeo.com.br\">dpo@microgeo.com.br<\/a>.<\/p><p><strong>\u00a0<\/strong><\/p><ol start=\"8\"><li><strong>LINKS<\/strong><\/li><\/ol><p>Nossos Portais podem conter refer\u00eancias (por exemplo, <em>hyperlink<\/em>, banners ou bot\u00f5es) para outros sites relacionados a um aspecto espec\u00edfico do nosso site (como por exemplo, Facebook, LinkedIn, YouTube, Instagram, dentre outros).<\/p><p>Quando ao acessar nossos Portais, voc\u00ea clicar em links de terceiros, eles podem o direcionar para fora dos nosso Portais. A <strong>MICROGEO <\/strong>n\u00e3o \u00e9 respons\u00e1vel pelas pr\u00e1ticas de privacidade de outros sites e incentivamos voc\u00ea a ler as declara\u00e7\u00f5es de privacidade deles.<\/p><p><strong>\u00a0<\/strong><\/p><ol start=\"9\"><li><strong>DISPOSI\u00c7\u00d5ES GERAIS <\/strong><\/li><\/ol><p>A <strong>MICROGEO<\/strong> reserva-se ao direito de alterar esta Pol\u00edtica a qualquer momento, conforme a finalidade ou necessidade, tal qual para adequa\u00e7\u00e3o e conformidade legal de disposi\u00e7\u00e3o de lei ou norma que tenha for\u00e7a jur\u00eddica equivalente, sem preju\u00edzo ao usu\u00e1rio e sem a necessidade de informa\u00e7\u00e3o pr\u00e9via, cabendo a voc\u00ea verific\u00e1-la sempre que efetuar o acesso nos Portais da <strong>MICROGEO<\/strong>.<\/p><p>Altera\u00e7\u00f5es e esclarecimentos v\u00e3o surtir efeito imediatamente ap\u00f3s sua publica\u00e7\u00e3o nos Portais.<\/p><p>A <strong>MICROGEO<\/strong> n\u00e3o ser\u00e1 considerada em mora ou inadimplente de quaisquer de suas obriga\u00e7\u00f5es previstas nesta Pol\u00edtica se o motivo de seu descumprimento ou atraso no cumprimento decorrer de caso fortuito ou for\u00e7a maior, nos termos do C\u00f3digo Civil Brasileiro, Lei n\u00ba 10.406\/2002.<\/p><p>As d\u00favidas e controv\u00e9rsias oriundas desta Pol\u00edtica dever\u00e3o ser enviadas \u00e0 <strong>MICROGEO<\/strong>, por meio do e-mail: <a href=\"mailto:dpo@microgeo.com.br\">dpo@microgeo.com.br<\/a>.<\/p><p>Caso alguma disposi\u00e7\u00e3o desta Pol\u00edtica seja considerada ilegal ou ileg\u00edtima por autoridade da localidade em que voc\u00ea resida ou da sua conex\u00e3o \u00e0 Internet, as demais condi\u00e7\u00f5es permanecer\u00e3o em pleno vigor e efeito.<\/p><p>Em havendo quaisquer diverg\u00eancias e\/ou lit\u00edgios sobre este Regulamento prevalecer\u00e1 a legisla\u00e7\u00e3o brasileira, no idioma portugu\u00eas, tendo como foro competente a comarca de Limeira, Estado de S\u00e3o Paulo.<\/p><p><strong>\u00a0<\/strong><\/p><p><strong>\u00daltima revis\u00e3o: 21\/09\/2023<\/strong><\/p><p><strong>(vers\u00e3o 2)<\/strong><\/p>\t\t\t\t\t\t\t\t<\/div>\n\t\t\t\t<\/div>\n\t\t\t\t\t<\/div>\n\t\t<\/div>\n\t\t\t\t\t<\/div>\n\t\t<\/section>\n\t\t\t\t<\/div>\n\t\t","protected":false},"excerpt":{"rendered":"<p>POL\u00cdTICA DE PRIVACIDADE A Microgeo Biotecnologia Agr\u00edcola (Microbiol Ind\u00fastria e Com\u00e9rcio S.A.), doravante denominada apenas como \u201cMICROGEO\u201d, entende a import\u00e2ncia da privacidade e prote\u00e7\u00e3o de dados pessoais e registros eletr\u00f4nicos e tem como compromisso o cumprimento com a legisla\u00e7\u00e3o aplic\u00e1vel. A fim de descrever de forma transparente, simples e objetiva o nosso compromisso com a [&hellip;]<\/p>\n","protected":false},"author":9,"featured_media":0,"parent":0,"menu_order":0,"comment_status":"closed","ping_status":"closed","template":"elementor_header_footer","meta":{"_acf_changed":false,"footnotes":""},"class_list":["post-3149","page","type-page","status-publish","hentry"],"acf":[],"aioseo_notices":[],"_links":{"self":[{"href":"https:\/\/microgeo.com.br\/site\/wp-json\/wp\/v2\/pages\/3149","targetHints":{"allow":["GET"]}}],"collection":[{"href":"https:\/\/microgeo.com.br\/site\/wp-json\/wp\/v2\/pages"}],"about":[{"href":"https:\/\/microgeo.com.br\/site\/wp-json\/wp\/v2\/types\/page"}],"author":[{"embeddable":true,"href":"https:\/\/microgeo.com.br\/site\/wp-json\/wp\/v2\/users\/9"}],"replies":[{"embeddable":true,"href":"https:\/\/microgeo.com.br\/site\/wp-json\/wp\/v2\/comments?post=3149"}],"version-history":[{"count":4,"href":"https:\/\/microgeo.com.br\/site\/wp-json\/wp\/v2\/pages\/3149\/revisions"}],"predecessor-version":[{"id":10076,"href":"https:\/\/microgeo.com.br\/site\/wp-json\/wp\/v2\/pages\/3149\/revisions\/10076"}],"wp:attachment":[{"href":"https:\/\/microgeo.com.br\/site\/wp-json\/wp\/v2\/media?parent=3149"}],"curies":[{"name":"wp","href":"https:\/\/api.w.org\/{rel}","templated":true}]}}