{"id":20,"date":"2021-06-30T12:42:20","date_gmt":"2021-06-30T12:42:20","guid":{"rendered":"https:\/\/microgeo.com.br\/site\/?page_id=20"},"modified":"2024-06-03T14:03:03","modified_gmt":"2024-06-03T14:03:03","slug":"fale-conosco","status":"publish","type":"page","link":"https:\/\/microgeo.com.br\/site\/fale-conosco\/","title":{"rendered":"Fale Conosco"},"content":{"rendered":"\t\t<div data-elementor-type=\"wp-page\" data-elementor-id=\"20\" class=\"elementor elementor-20\">\n\t\t\t\t\t\t<section class=\"elementor-section elementor-top-section elementor-element elementor-element-1f529c05 elementor-section-stretched elementor-section-height-min-height elementor-section-boxed elementor-section-height-default elementor-section-items-middle\" data-id=\"1f529c05\" data-element_type=\"section\" data-settings=\"{&quot;stretch_section&quot;:&quot;section-stretched&quot;,&quot;background_background&quot;:&quot;classic&quot;}\">\n\t\t\t\t\t\t<div class=\"elementor-container elementor-column-gap-default\">\n\t\t\t\t\t<div class=\"elementor-column elementor-col-50 elementor-top-column elementor-element elementor-element-6f5eb01d\" data-id=\"6f5eb01d\" data-element_type=\"column\">\n\t\t\t<div class=\"elementor-widget-wrap elementor-element-populated\">\n\t\t\t\t\t\t<div class=\"elementor-element elementor-element-5f4973f elementor-widget elementor-widget-text-editor\" data-id=\"5f4973f\" data-element_type=\"widget\" data-widget_type=\"text-editor.default\">\n\t\t\t\t<div class=\"elementor-widget-container\">\n\t\t\t\t\t\t\t\t\tfALE COM A<br> MICROGEO\t\t\t\t\t\t\t\t<\/div>\n\t\t\t\t<\/div>\n\t\t\t\t<div class=\"elementor-element elementor-element-4db5c61 elementor-widget-divider--view-line elementor-widget elementor-widget-divider\" data-id=\"4db5c61\" data-element_type=\"widget\" data-widget_type=\"divider.default\">\n\t\t\t\t<div class=\"elementor-widget-container\">\n\t\t\t\t\t\t\t<div class=\"elementor-divider\">\n\t\t\t<span class=\"elementor-divider-separator\">\n\t\t\t\t\t\t<\/span>\n\t\t<\/div>\n\t\t\t\t\t\t<\/div>\n\t\t\t\t<\/div>\n\t\t\t\t<div class=\"elementor-element elementor-element-90ceb69 elementor-widget elementor-widget-text-editor\" data-id=\"90ceb69\" data-element_type=\"widget\" data-widget_type=\"text-editor.default\">\n\t\t\t\t<div class=\"elementor-widget-container\">\n\t\t\t\t\t\t\t\t\tNossa equipe est\u00e1 pronta<br> para atender voc\u00ea.\t\t\t\t\t\t\t\t<\/div>\n\t\t\t\t<\/div>\n\t\t\t\t\t<\/div>\n\t\t<\/div>\n\t\t\t\t<div class=\"elementor-column elementor-col-50 elementor-top-column elementor-element elementor-element-a9e3ba1\" data-id=\"a9e3ba1\" data-element_type=\"column\">\n\t\t\t<div class=\"elementor-widget-wrap\">\n\t\t\t\t\t\t\t<\/div>\n\t\t<\/div>\n\t\t\t\t\t<\/div>\n\t\t<\/section>\n\t\t\t\t<section class=\"elementor-section elementor-top-section elementor-element elementor-element-120f2880 elementor-section-boxed elementor-section-height-default elementor-section-height-default\" data-id=\"120f2880\" data-element_type=\"section\" data-settings=\"{&quot;background_background&quot;:&quot;classic&quot;}\">\n\t\t\t\t\t\t<div class=\"elementor-container elementor-column-gap-default\">\n\t\t\t\t\t<div class=\"elementor-column elementor-col-100 elementor-top-column elementor-element elementor-element-214f7a5c\" data-id=\"214f7a5c\" data-element_type=\"column\">\n\t\t\t<div class=\"elementor-widget-wrap elementor-element-populated\">\n\t\t\t\t\t\t<section class=\"elementor-section elementor-inner-section elementor-element elementor-element-4f4679ae elementor-section-boxed elementor-section-height-default elementor-section-height-default\" data-id=\"4f4679ae\" data-element_type=\"section\">\n\t\t\t\t\t\t<div class=\"elementor-container elementor-column-gap-default\">\n\t\t\t\t\t<div class=\"elementor-column elementor-col-50 elementor-inner-column elementor-element elementor-element-5f93c3f7\" data-id=\"5f93c3f7\" data-element_type=\"column\">\n\t\t\t<div class=\"elementor-widget-wrap elementor-element-populated\">\n\t\t\t\t\t\t<div class=\"elementor-element elementor-element-50dfea49 elementor-widget elementor-widget-text-editor\" data-id=\"50dfea49\" data-element_type=\"widget\" data-widget_type=\"text-editor.default\">\n\t\t\t\t<div class=\"elementor-widget-container\">\n\t\t\t\t\t\t\t\t\t<p>Preencha os campos abaixo e n\u00f3s entraremos em contato:<\/p>\t\t\t\t\t\t\t\t<\/div>\n\t\t\t\t<\/div>\n\t\t\t\t<div class=\"elementor-element elementor-element-956e935 elementor-widget elementor-widget-text-editor\" data-id=\"956e935\" data-element_type=\"widget\" data-widget_type=\"text-editor.default\">\n\t\t\t\t<div class=\"elementor-widget-container\">\n\t\t\t\t\t\t\t\t\t<p>Ao informar meus dados, eu concordo com a <a href=\"#\">Pol\u00edtica de Privacidade.<\/a><\/p>\t\t\t\t\t\t\t\t<\/div>\n\t\t\t\t<\/div>\n\t\t\t\t<div class=\"elementor-element elementor-element-256b32fc elementor-button-align-end elementor-mobile-button-align-stretch elementor-widget elementor-widget-form\" data-id=\"256b32fc\" data-element_type=\"widget\" data-settings=\"{&quot;step_next_label&quot;:&quot;Next&quot;,&quot;step_previous_label&quot;:&quot;Previous&quot;,&quot;button_width&quot;:&quot;100&quot;,&quot;step_type&quot;:&quot;number_text&quot;,&quot;step_icon_shape&quot;:&quot;circle&quot;}\" data-widget_type=\"form.default\">\n\t\t\t\t<div class=\"elementor-widget-container\">\n\t\t\t\t\t\t\t<form class=\"elementor-form\" method=\"post\" id=\"formcontato\" name=\"Fale Conosco\">\n\t\t\t<input type=\"hidden\" name=\"post_id\" value=\"20\"\/>\n\t\t\t<input type=\"hidden\" name=\"form_id\" value=\"256b32fc\"\/>\n\t\t\t<input type=\"hidden\" name=\"referer_title\" value=\"\" \/>\n\n\t\t\t\n\t\t\t<div class=\"elementor-form-fields-wrapper elementor-labels-\">\n\t\t\t\t\t\t\t\t<div class=\"elementor-field-type-text elementor-field-group elementor-column elementor-field-group-Nome elementor-col-100 elementor-field-required\">\n\t\t\t\t\t<label for=\"form-field-Nome\" class=\"elementor-field-label elementor-screen-only\">Nome completo*<\/label><input size=\"1\" type=\"text\" name=\"form_fields[Nome]\" id=\"form-field-Nome\" class=\"elementor-field elementor-size-md  elementor-field-textual\" placeholder=\"Nome completo*\" required=\"required\" aria-required=\"true\">\t\t\t\t<\/div>\n\t\t\t\t\t\t\t\t<div class=\"elementor-field-type-email elementor-field-group elementor-column elementor-field-group-Email elementor-col-100 elementor-field-required\">\n\t\t\t\t\t<label for=\"form-field-Email\" class=\"elementor-field-label elementor-screen-only\">E-mail*<\/label><input size=\"1\" type=\"email\" name=\"form_fields[Email]\" id=\"form-field-Email\" class=\"elementor-field elementor-size-md  elementor-field-textual\" placeholder=\"E-mail*\" required=\"required\" aria-required=\"true\">\t\t\t\t<\/div>\n\t\t\t\t\t\t\t\t<div class=\"elementor-field-type-text elementor-field-group elementor-column elementor-field-group-Telefone elementor-col-50 elementor-field-required\">\n\t\t\t\t\t<label for=\"form-field-Telefone\" class=\"elementor-field-label elementor-screen-only\">Telefone<\/label><input size=\"1\" type=\"text\" name=\"form_fields[Telefone]\" id=\"form-field-Telefone\" class=\"elementor-field elementor-size-md  elementor-field-textual\" placeholder=\"Telefone\" required=\"required\" aria-required=\"true\">\t\t\t\t<\/div>\n\t\t\t\t\t\t\t\t<div class=\"elementor-field-type-text elementor-field-group elementor-column elementor-field-group-Cidade elementor-col-50 elementor-field-required\">\n\t\t\t\t\t<label for=\"form-field-Cidade\" class=\"elementor-field-label elementor-screen-only\">Cidade\/UF*<\/label><input size=\"1\" type=\"text\" name=\"form_fields[Cidade]\" id=\"form-field-Cidade\" class=\"elementor-field elementor-size-md  elementor-field-textual\" placeholder=\"Cidade\/UF*\" required=\"required\" aria-required=\"true\">\t\t\t\t<\/div>\n\t\t\t\t\t\t\t\t<div class=\"elementor-field-type-select elementor-field-group elementor-column elementor-field-group-Assunto elementor-col-100 elementor-field-required\">\n\t\t\t\t\t<label for=\"form-field-Assunto\" class=\"elementor-field-label elementor-screen-only\">Assunto*<\/label>\t\t<div class=\"elementor-field elementor-select-wrapper \">\n\t\t\t<select name=\"form_fields[Assunto]\" id=\"form-field-Assunto\" class=\"elementor-field-textual elementor-size-md\" required=\"required\" aria-required=\"true\">\n\t\t\t\t<option value=\"\">Assunto*<\/option><option value=\"Tecnologia Microgeo\u00ae\">Tecnologia Microgeo\u00ae<\/option><option value=\"Vagas\/Carreira\">Vagas\/Carreira<\/option><option value=\"Prestador de Servi\u00e7o\">Prestador de Servi\u00e7o<\/option><option value=\"Marketing\/Eventos\">Marketing\/Eventos<\/option><option value=\"Comercial\">Comercial<\/option><option value=\"Industrial e Log\u00edstica\">Industrial e Log\u00edstica<\/option><option value=\"Outros\">Outros<\/option>\t\t\t<\/select>\n\t\t<\/div>\n\t\t\t\t\t\t<\/div>\n\t\t\t\t\t\t\t\t<div class=\"elementor-field-type-hidden elementor-field-group elementor-column elementor-field-group-EmailEnvio elementor-col-100\">\n\t\t\t\t\t<input size=\"1\" type=\"hidden\" name=\"form_fields[EmailEnvio]\" id=\"form-field-EmailEnvio\" class=\"elementor-field elementor-size-md  elementor-field-textual\" value=\"contato@microgeo.com.br\">\t\t\t\t<\/div>\n\t\t\t\t\t\t\t\t<div class=\"elementor-field-type-textarea elementor-field-group elementor-column elementor-field-group-Mensagem elementor-col-100 elementor-field-required\">\n\t\t\t\t\t<label for=\"form-field-Mensagem\" class=\"elementor-field-label elementor-screen-only\">Mensagem*<\/label><textarea class=\"elementor-field-textual elementor-field  elementor-size-md\" name=\"form_fields[Mensagem]\" id=\"form-field-Mensagem\" rows=\"10\" placeholder=\"Mensagem*\" required=\"required\" aria-required=\"true\"><\/textarea>\t\t\t\t<\/div>\n\t\t\t\t\t\t\t\t<div class=\"elementor-field-type-text elementor-field-group elementor-column elementor-field-group-Soma elementor-col-100 elementor-field-required\">\n\t\t\t\t\t<label for=\"form-field-Soma\" class=\"elementor-field-label elementor-screen-only\">6 + 6= ?*<\/label><input size=\"1\" type=\"text\" name=\"form_fields[Soma]\" id=\"form-field-Soma\" class=\"elementor-field elementor-size-md  elementor-field-textual\" placeholder=\"6 + 6= ?*\" required=\"required\" aria-required=\"true\">\t\t\t\t<\/div>\n\t\t\t\t\t\t\t\t<div class=\"elementor-field-type-checkbox elementor-field-group elementor-column elementor-field-group-Aceito_receber_emails elementor-col-100\">\n\t\t\t\t\t<label for=\"form-field-Aceito_receber_emails\" class=\"elementor-field-label elementor-screen-only\">Termos<\/label><div class=\"elementor-field-subgroup  \"><span class=\"elementor-field-option\"><input type=\"checkbox\" value=\"Aceito receber emails.\" id=\"form-field-Aceito_receber_emails-0\" name=\"form_fields[Aceito_receber_emails]\"> <label for=\"form-field-Aceito_receber_emails-0\">Aceito receber emails.<\/label><\/span><\/div>\t\t\t\t<\/div>\n\t\t\t\t\t\t\t\t<div class=\"elementor-field-group elementor-column elementor-field-type-submit elementor-col-100 e-form__buttons\">\n\t\t\t\t\t<button type=\"submit\" class=\"elementor-button elementor-size-sm\" id=\"enviar\">\n\t\t\t\t\t\t<span >\n\t\t\t\t\t\t\t\t\t\t\t\t\t\t\t<span class=\" elementor-button-icon\">\n\t\t\t\t\t\t\t\t\t\t\t\t\t\t\t\t\t\t\t\t\t\t\t\t\t\t<\/span>\n\t\t\t\t\t\t\t\t\t\t\t\t\t\t\t\t\t\t\t\t\t\t<span class=\"elementor-button-text\">ENVIAR MEUS DADOS<\/span>\n\t\t\t\t\t\t\t\t\t\t\t\t\t<\/span>\n\t\t\t\t\t<\/button>\n\t\t\t\t<\/div>\n\t\t\t<\/div>\n\t\t<\/form>\n\t\t\t\t\t\t<\/div>\n\t\t\t\t<\/div>\n\t\t\t\t<div class=\"elementor-element elementor-element-095a204 elementor-widget elementor-widget-html\" data-id=\"095a204\" data-element_type=\"widget\" data-widget_type=\"html.default\">\n\t\t\t\t<div class=\"elementor-widget-container\">\n\t\t\t\t\t<script>\njQuery(document).on(\"keydown\", \":input:not(textarea)\", function(event) {\n    return event.key != \"Enter\";\n});\n\njQuery(\"#formcontato #enviar\").click(function(){\n    gtag_report_conversion('https:\/\/microgeo.com.br\/site\/fale-conosco')\n})\n\n\njQuery('#form-field-Assunto').change(function () {\n    var assunto = jQuery(this).val()\n    var email = jQuery('#form-field-EmailEnvio')\n    if (assunto == 'Tecnologia Microgeo\u00ae') {\n        email.val(\"julia.rosa@microgeo.com.br, daniella@microgeo.com.br\")\n    }else if (assunto == 'Vagas\/Carreira'){\n        email.val(\"dh@microgeo.com.br\")\n    }else if (assunto == 'Prestador de Servi\u00e7o'){\n        email.val(\"debora.negrao@microgeo.com.br\")\n    }else if (assunto == 'Marketing\/Eventos'){\n        email.val(\"ana.pissocaro@microgeo.com.br\")\n    }else if (assunto == 'Comercial'){\n        email.val(\"gislaine.mello@microgeo.com.br, daniella@microgeo.com.br\")\n    }else if (assunto == 'Industrial e Log\u00edstica'){\n        email.val(\"fernando@microgeo.com.br, stephanie.drago@microgeo.com.br\")\n    }else if (assunto == 'Outros'){\n        email.val(\"atendimento@microgeo.com.br\")\n    }else{\n        email.val(\"contato@microgeo.com.br\")\n    }\n})\n\n\/*jQuery('#form-field-Assunto').change(function () {\n    var assunto = jQuery(this).val()\n    var email = jQuery('#form-field-EmailEnvio')\n    if (assunto == 'Tecnologia Microgeo\u00ae') {\n        email.val(\"julia.rosa@microgeo.com.br, daniella@microgeo.com.br\")\n    }else if (assunto == 'Vagas\/Carreira'){\n        email.val(\"joice.galbiati@microgeo.com.br, marcela.lima@microgeo.com.br\")\n    }else if (assunto == 'Prestador de Servi\u00e7o'){\n        email.val(\"debora.negrao@microgeo.com.br\")\n    }else if (assunto == 'Marketing\/Eventos'){\n        email.val(\"ana.pissocaro@microgeo.com.br, ana.krol@microgeo.com.br\")\n    }else if (assunto == 'Comercial'){\n        email.val(\"gislaine.mello@microgeo.com.br, daniella@microgeo.com.br\")\n    }else if (assunto == 'Industrial e Log\u00edstica'){\n        email.val(\"fernando@microgeo.com.br, stephanie.drago@microgeo.com.br\")\n    }else if (assunto == 'Outros'){\n        email.val(\"atendimento@microgeo.com.br\")\n    }else{\n        email.val(\"contato@microgeo.com.br\")\n    }\n})*\/\n\n<\/script>\t\t\t\t<\/div>\n\t\t\t\t<\/div>\n\t\t\t\t\t<\/div>\n\t\t<\/div>\n\t\t\t\t<div class=\"elementor-column elementor-col-50 elementor-inner-column elementor-element elementor-element-1eb2f66a\" data-id=\"1eb2f66a\" data-element_type=\"column\">\n\t\t\t<div class=\"elementor-widget-wrap elementor-element-populated\">\n\t\t\t\t\t\t<div class=\"elementor-element elementor-element-11320a8c elementor-align-right elementor-mobile-align-left elementor-icon-list--layout-traditional elementor-list-item-link-full_width elementor-widget elementor-widget-icon-list\" data-id=\"11320a8c\" data-element_type=\"widget\" data-widget_type=\"icon-list.default\">\n\t\t\t\t<div class=\"elementor-widget-container\">\n\t\t\t\t\t\t\t<ul class=\"elementor-icon-list-items\">\n\t\t\t\t\t\t\t<li class=\"elementor-icon-list-item\">\n\t\t\t\t\t\t\t\t\t\t\t<span class=\"elementor-icon-list-icon\">\n\t\t\t\t\t\t\t<i aria-hidden=\"true\" class=\"fab fa-whatsapp\"><\/i>\t\t\t\t\t\t<\/span>\n\t\t\t\t\t\t\t\t\t\t<span class=\"elementor-icon-list-text\">(19) 99668-4236<\/span>\n\t\t\t\t\t\t\t\t\t<\/li>\n\t\t\t\t\t\t<\/ul>\n\t\t\t\t\t\t<\/div>\n\t\t\t\t<\/div>\n\t\t\t\t<div class=\"elementor-element elementor-element-2ff8a900 elementor-widget elementor-widget-heading\" data-id=\"2ff8a900\" data-element_type=\"widget\" data-widget_type=\"heading.default\">\n\t\t\t\t<div class=\"elementor-widget-container\">\n\t\t\t\t\t<h2 class=\"elementor-heading-title elementor-size-default\">0800 878 3170<\/h2>\t\t\t\t<\/div>\n\t\t\t\t<\/div>\n\t\t\t\t<div class=\"elementor-element elementor-element-14eb3daf elementor-widget elementor-widget-heading\" data-id=\"14eb3daf\" data-element_type=\"widget\" data-widget_type=\"heading.default\">\n\t\t\t\t<div class=\"elementor-widget-container\">\n\t\t\t\t\t<h2 class=\"elementor-heading-title elementor-size-default\">4003 5122<\/h2>\t\t\t\t<\/div>\n\t\t\t\t<\/div>\n\t\t\t\t<div class=\"elementor-element elementor-element-0ec15e3 elementor-widget elementor-widget-heading\" data-id=\"0ec15e3\" data-element_type=\"widget\" data-widget_type=\"heading.default\">\n\t\t\t\t<div class=\"elementor-widget-container\">\n\t\t\t\t\t<h2 class=\"elementor-heading-title elementor-size-default\">Endere\u00e7o<\/h2>\t\t\t\t<\/div>\n\t\t\t\t<\/div>\n\t\t\t\t<div class=\"elementor-element elementor-element-9c028bb elementor-widget elementor-widget-text-editor\" data-id=\"9c028bb\" data-element_type=\"widget\" data-widget_type=\"text-editor.default\">\n\t\t\t\t<div class=\"elementor-widget-container\">\n\t\t\t\t\t\t\t\t\tRua Pastor Floriano Jos\u00e9 Pereira, 100<br> Condom\u00ednio Industrial Duas Barras<br> Limeira \/SP\u200b<br>Cep: 13481-178\t\t\t\t\t\t\t\t<\/div>\n\t\t\t\t<\/div>\n\t\t\t\t<div class=\"elementor-element elementor-element-c500070 elementor-widget elementor-widget-heading\" data-id=\"c500070\" data-element_type=\"widget\" data-widget_type=\"heading.default\">\n\t\t\t\t<div class=\"elementor-widget-container\">\n\t\t\t\t\t<h2 class=\"elementor-heading-title elementor-size-default\">Assessoria de Imprensa<\/h2>\t\t\t\t<\/div>\n\t\t\t\t<\/div>\n\t\t\t\t<div class=\"elementor-element elementor-element-ce4ec33 elementor-widget elementor-widget-text-editor\" data-id=\"ce4ec33\" data-element_type=\"widget\" data-widget_type=\"text-editor.default\">\n\t\t\t\t<div class=\"elementor-widget-container\">\n\t\t\t\t\t\t\t\t\tAlfapress <br>mariana.cremasco@alfapress.com.br<br> (19) 99781-6909\t\t\t\t\t\t\t\t<\/div>\n\t\t\t\t<\/div>\n\t\t\t\t\t<\/div>\n\t\t<\/div>\n\t\t\t\t\t<\/div>\n\t\t<\/section>\n\t\t\t\t\t<\/div>\n\t\t<\/div>\n\t\t\t\t\t<\/div>\n\t\t<\/section>\n\t\t\t\t<section class=\"elementor-section elementor-top-section elementor-element elementor-element-1c196502 elementor-section-boxed elementor-section-height-default elementor-section-height-default\" data-id=\"1c196502\" data-element_type=\"section\">\n\t\t\t\t\t\t<div class=\"elementor-container elementor-column-gap-default\">\n\t\t\t\t\t<div class=\"elementor-column elementor-col-100 elementor-top-column elementor-element elementor-element-44d9799\" data-id=\"44d9799\" data-element_type=\"column\">\n\t\t\t<div class=\"elementor-widget-wrap elementor-element-populated\">\n\t\t\t\t\t\t<div class=\"elementor-element elementor-element-3de3a75 elementor-grid-1 e-grid-align-right elementor-widget__width-auto elementor-fixed elementor-hidden-tablet elementor-hidden-phone elementor-shape-rounded elementor-widget elementor-widget-global elementor-global-383 elementor-widget-social-icons\" data-id=\"3de3a75\" data-element_type=\"widget\" data-settings=\"{&quot;_position&quot;:&quot;fixed&quot;}\" data-widget_type=\"social-icons.default\">\n\t\t\t\t<div class=\"elementor-widget-container\">\n\t\t\t\t\t\t\t<div class=\"elementor-social-icons-wrapper elementor-grid\">\n\t\t\t\t\t\t\t<span class=\"elementor-grid-item\">\n\t\t\t\t\t<a class=\"elementor-icon elementor-social-icon elementor-social-icon-facebook-f elementor-repeater-item-a3378f9\" href=\"https:\/\/www.facebook.com\/MicrogeoBiotecnologia\/\" target=\"_blank\" id=\"facebook\">\n\t\t\t\t\t\t<span class=\"elementor-screen-only\">Facebook-f<\/span>\n\t\t\t\t\t\t<i class=\"fab fa-facebook-f\"><\/i>\t\t\t\t\t<\/a>\n\t\t\t\t<\/span>\n\t\t\t\t\t\t\t<span class=\"elementor-grid-item\">\n\t\t\t\t\t<a class=\"elementor-icon elementor-social-icon elementor-social-icon-instagram elementor-repeater-item-f10182f\" href=\"https:\/\/www.instagram.com\/microgeobiotecnologia\/\" target=\"_blank\" id=\"instagram\">\n\t\t\t\t\t\t<span class=\"elementor-screen-only\">Instagram<\/span>\n\t\t\t\t\t\t<i class=\"fab fa-instagram\"><\/i>\t\t\t\t\t<\/a>\n\t\t\t\t<\/span>\n\t\t\t\t\t\t\t<span class=\"elementor-grid-item\">\n\t\t\t\t\t<a class=\"elementor-icon elementor-social-icon elementor-social-icon-linkedin elementor-repeater-item-a1d1dba\" href=\"https:\/\/www.linkedin.com\/company\/microgeobiotecnologia\/\" target=\"_blank\" id=\"linkedin\">\n\t\t\t\t\t\t<span class=\"elementor-screen-only\">Linkedin<\/span>\n\t\t\t\t\t\t<i class=\"fab fa-linkedin\"><\/i>\t\t\t\t\t<\/a>\n\t\t\t\t<\/span>\n\t\t\t\t\t\t\t<span class=\"elementor-grid-item\">\n\t\t\t\t\t<a class=\"elementor-icon elementor-social-icon elementor-social-icon-youtube elementor-repeater-item-02335aa\" href=\"https:\/\/www.youtube.com\/channel\/UC56mU9Fn6MPX727_fJMhRCQ\" target=\"_blank\" id=\"youtube\">\n\t\t\t\t\t\t<span class=\"elementor-screen-only\">Youtube<\/span>\n\t\t\t\t\t\t<i class=\"fab fa-youtube\"><\/i>\t\t\t\t\t<\/a>\n\t\t\t\t<\/span>\n\t\t\t\t\t\t\t<span class=\"elementor-grid-item\">\n\t\t\t\t\t<a class=\"elementor-icon elementor-social-icon elementor-social-icon-chevron-circle-up elementor-repeater-item-2385fa9\" href=\"#topo\" target=\"_blank\">\n\t\t\t\t\t\t<span class=\"elementor-screen-only\">Chevron-circle-up<\/span>\n\t\t\t\t\t\t<i class=\"fas fa-chevron-circle-up\"><\/i>\t\t\t\t\t<\/a>\n\t\t\t\t<\/span>\n\t\t\t\t\t<\/div>\n\t\t\t\t\t\t<\/div>\n\t\t\t\t<\/div>\n\t\t\t\t\t<\/div>\n\t\t<\/div>\n\t\t\t\t\t<\/div>\n\t\t<\/section>\n\t\t\t\t<section class=\"elementor-section elementor-top-section elementor-element elementor-element-4b93ba4 elementor-section-boxed elementor-section-height-default elementor-section-height-default\" data-id=\"4b93ba4\" data-element_type=\"section\" data-settings=\"{&quot;background_background&quot;:&quot;classic&quot;}\">\n\t\t\t\t\t\t<div class=\"elementor-container elementor-column-gap-default\">\n\t\t\t\t\t<div class=\"elementor-column elementor-col-100 elementor-top-column elementor-element elementor-element-12693d6\" data-id=\"12693d6\" data-element_type=\"column\">\n\t\t\t<div class=\"elementor-widget-wrap elementor-element-populated\">\n\t\t\t\t\t\t<div class=\"elementor-element elementor-element-6062c8f elementor-hidden-desktop elementor-widget elementor-widget-html\" data-id=\"6062c8f\" data-element_type=\"widget\" data-widget_type=\"html.default\">\n\t\t\t\t<div class=\"elementor-widget-container\">\n\t\t\t\t\t<iframe src=\"https:\/\/www.google.com\/maps\/embed?pb=!1m14!1m8!1m3!1d14733.45543300533!2d-47.3795216!3d-22.6028839!3m2!1i1024!2i768!4f13.1!3m3!1m2!1s0x0%3A0x5fcc54d17c2205a0!2sMICROGEO%C2%AE!5e0!3m2!1spt-BR!2sbr!4v1625581602351!5m2!1spt-BR!2sbr\" width=\"1364\" height=\"300\" style=\"border:0;\" allowfullscreen=\"\" loading=\"lazy\"><\/iframe>\t\t\t\t<\/div>\n\t\t\t\t<\/div>\n\t\t\t\t<div class=\"elementor-element elementor-element-8e67d04 elementor-hidden-tablet elementor-hidden-phone elementor-widget elementor-widget-html\" data-id=\"8e67d04\" data-element_type=\"widget\" data-widget_type=\"html.default\">\n\t\t\t\t<div class=\"elementor-widget-container\">\n\t\t\t\t\t<iframe src=\"https:\/\/www.google.com\/maps\/embed?pb=!1m14!1m8!1m3!1d14733.45543300533!2d-47.3795216!3d-22.6028839!3m2!1i1024!2i768!4f13.1!3m3!1m2!1s0x0%3A0x5fcc54d17c2205a0!2sMICROGEO%C2%AE!5e0!3m2!1spt-BR!2sbr!4v1625581602351!5m2!1spt-BR!2sbr\" width=\"1364\" height=\"740\" style=\"border:0;\" allowfullscreen=\"\" loading=\"lazy\"><\/iframe>\t\t\t\t<\/div>\n\t\t\t\t<\/div>\n\t\t\t\t\t<\/div>\n\t\t<\/div>\n\t\t\t\t\t<\/div>\n\t\t<\/section>\n\t\t\t\t<\/div>\n\t\t","protected":false},"excerpt":{"rendered":"<p>fALE COM A MICROGEO Nossa equipe est\u00e1 pronta para atender voc\u00ea. Preencha os campos abaixo e n\u00f3s entraremos em contato: Ao informar meus dados, eu concordo com a Pol\u00edtica de Privacidade. (19) 99668-4236 0800 878 3170 4003 5122 Endere\u00e7o Rua Pastor Floriano Jos\u00e9 Pereira, 100 Condom\u00ednio Industrial Duas Barras Limeira \/SP\u200bCep: 13481-178 Assessoria de Imprensa [&hellip;]<\/p>\n","protected":false},"author":4,"featured_media":0,"parent":0,"menu_order":0,"comment_status":"closed","ping_status":"closed","template":"","meta":{"_acf_changed":false,"footnotes":""},"class_list":["post-20","page","type-page","status-publish","hentry"],"acf":[],"aioseo_notices":[],"_links":{"self":[{"href":"https:\/\/microgeo.com.br\/site\/wp-json\/wp\/v2\/pages\/20","targetHints":{"allow":["GET"]}}],"collection":[{"href":"https:\/\/microgeo.com.br\/site\/wp-json\/wp\/v2\/pages"}],"about":[{"href":"https:\/\/microgeo.com.br\/site\/wp-json\/wp\/v2\/types\/page"}],"author":[{"embeddable":true,"href":"https:\/\/microgeo.com.br\/site\/wp-json\/wp\/v2\/users\/4"}],"replies":[{"embeddable":true,"href":"https:\/\/microgeo.com.br\/site\/wp-json\/wp\/v2\/comments?post=20"}],"version-history":[{"count":78,"href":"https:\/\/microgeo.com.br\/site\/wp-json\/wp\/v2\/pages\/20\/revisions"}],"predecessor-version":[{"id":10410,"href":"https:\/\/microgeo.com.br\/site\/wp-json\/wp\/v2\/pages\/20\/revisions\/10410"}],"wp:attachment":[{"href":"https:\/\/microgeo.com.br\/site\/wp-json\/wp\/v2\/media?parent=20"}],"curies":[{"name":"wp","href":"https:\/\/api.w.org\/{rel}","templated":true}]}}